{"id":439,"date":"2018-10-29T11:30:55","date_gmt":"2018-10-29T10:30:55","guid":{"rendered":"https:\/\/www.ivcie.be\/\/definities\/nuttige-toepassing\/"},"modified":"2018-12-03T13:19:24","modified_gmt":"2018-12-03T12:19:24","slug":"nuttige-toepassing","status":"publish","type":"page","link":"https:\/\/www.ivcie.be\/fr\/definities\/nuttige-toepassing\/","title":{"rendered":"Valorisation"},"content":{"rendered":"<p><img loading=\"lazy\" decoding=\"async\" class=\"alignright size-full wp-image-440\" src=\"https:\/\/www.ivcie.be\/\/wp-content\/uploads\/2018\/10\/332.jpg\" alt=\"332\" width=\"290\" height=\"186\" \/><\/p>\n<p>Par valorisation des d\u00e9chets, on entend un certain nombre de proc\u00e9d\u00e9s qui permettent de ne pas simplement \u00e9liminer les d\u00e9chets, mais de leur donner une fonction utilitaire par cette \u00e9limination.<\/p>\n<ul>\n<li>Le recyclage est consid\u00e9r\u00e9 comme une forme de valorisation.<\/li>\n<li>La valorisation \u00e9nerg\u00e9tique est une autre forme importante de valorisation. Il peut s\u2019agir ici de d\u00e9chets utilis\u00e9s comme combustibles dans les proc\u00e9d\u00e9s industriels de production comme, par exemple, dans les cimenteries.<\/li>\n<\/ul>\n<p>L&rsquo;incin\u00e9ration des d\u00e9chets d&#8217;emballages dans les incin\u00e9rateurs de d\u00e9chets m\u00e9nagers, qui peuvent garantir une r\u00e9cup\u00e9ration certaine d&rsquo;\u00e9lectricit\u00e9 ou de vapeur, peut \u00e9galement \u00eatre prise en compte (comme pr\u00e9vu dans la directive 2004\/12\/CE).<\/p>\n","protected":false},"excerpt":{"rendered":"<p>Par valorisation des d\u00e9chets, on entend un certain nombre de proc\u00e9d\u00e9s qui permettent de ne pas simplement \u00e9liminer les d\u00e9chets, mais de leur donner une fonction utilitaire par cette \u00e9limination. Le recyclage est consid\u00e9r\u00e9 comme une forme de valorisation. La valorisation \u00e9nerg\u00e9tique est une autre forme importante de valorisation. Il peut s\u2019agir ici de d\u00e9chets [&hellip;]<\/p>\n","protected":false},"author":2,"featured_media":1696,"parent":405,"menu_order":145,"comment_status":"closed","ping_status":"closed","template":"template_text.php","meta":{"_acf_changed":false,"footnotes":""},"class_list":["post-439","page","type-page","status-publish","has-post-thumbnail","hentry"],"acf":[],"_links":{"self":[{"href":"https:\/\/www.ivcie.be\/fr\/wp-json\/wp\/v2\/pages\/439","targetHints":{"allow":["GET"]}}],"collection":[{"href":"https:\/\/www.ivcie.be\/fr\/wp-json\/wp\/v2\/pages"}],"about":[{"href":"https:\/\/www.ivcie.be\/fr\/wp-json\/wp\/v2\/types\/page"}],"author":[{"embeddable":true,"href":"https:\/\/www.ivcie.be\/fr\/wp-json\/wp\/v2\/users\/2"}],"replies":[{"embeddable":true,"href":"https:\/\/www.ivcie.be\/fr\/wp-json\/wp\/v2\/comments?post=439"}],"version-history":[{"count":1,"href":"https:\/\/www.ivcie.be\/fr\/wp-json\/wp\/v2\/pages\/439\/revisions"}],"predecessor-version":[{"id":983,"href":"https:\/\/www.ivcie.be\/fr\/wp-json\/wp\/v2\/pages\/439\/revisions\/983"}],"up":[{"embeddable":true,"href":"https:\/\/www.ivcie.be\/fr\/wp-json\/wp\/v2\/pages\/405"}],"wp:featuredmedia":[{"embeddable":true,"href":"https:\/\/www.ivcie.be\/fr\/wp-json\/wp\/v2\/media\/1696"}],"wp:attachment":[{"href":"https:\/\/www.ivcie.be\/fr\/wp-json\/wp\/v2\/media?parent=439"}],"curies":[{"name":"wp","href":"https:\/\/api.w.org\/{rel}","templated":true}]}}