{"id":384,"date":"2018-10-29T10:58:48","date_gmt":"2018-10-29T09:58:48","guid":{"rendered":"https:\/\/www.ivcie.be\/\/verplichtingen\/terugnameplicht\/"},"modified":"2025-10-02T11:27:58","modified_gmt":"2025-10-02T09:27:58","slug":"terugnameplicht","status":"publish","type":"page","link":"https:\/\/www.ivcie.be\/de\/verplichtingen\/terugnameplicht\/","title":{"rendered":"R\u00fccknahmepflicht"},"content":{"rendered":"<h1>R\u00fccknahmepflicht<\/h1>\n<p><strong>F\u00fcr wen gilt sie? <\/strong><\/p>\n<p>F\u00fcr Unternehmen, die pro Jahr mehr als 300 Kilogramm Haushalts- und Industrieverpackungen auf den belgischen Markt bringen.<\/p>\n<p>Die Mindestanteilwerte ausgedr\u00fcckt als prozentualer Anteil am Gewicht bezogen auf das Gesamtgewicht der in Belgien auf den Markt gebrachten Einwegverpackungen betragen f\u00fcr <strong>Verpackungsabf\u00e4lle h\u00e4uslicher Herkunft<\/strong>:<\/p>\n<ul>\n<li>ab dem Kalenderjahr 2009:\n<ul>\n<li>stoffliche Verwertung: 80 %;<\/li>\n<li>Verwertung zuz\u00fcglich \u201eVerbrennung mit Energiegewinnung in M\u00fcllverbrennungsanlagen\u201c: 90 %.<\/li>\n<\/ul>\n<\/li>\n<\/ul>\n<p>Die Mindestanteilwerte ausgedr\u00fcckt als prozentualer Anteil am Gewicht bezogen auf das Gesamtgewicht der in Belgien auf den Markt gebrachten Einwegverpackungen betragen f\u00fcr <strong>Verpackungsabf\u00e4lle industrieller Herkunft<\/strong>:<\/p>\n<ul>\n<li>ab dem Kalenderjahr 2009:\n<ul>\n<li>stoffliche Verwertung: 75 %;<\/li>\n<li>Verwertung zuz\u00fcglich \u201eVerbrennung mit Energiegewinnung in M\u00fcllverbrennungsanlagen\u201c: 80 %;<\/li>\n<\/ul>\n<\/li>\n<\/ul>\n<ul>\n<li>ab dem Kalenderjahr 2010:\n<ul>\n<li>stoffliche Verwertung: 80 %;<\/li>\n<li>Verwertung zuz\u00fcglich \u201eVerbrennung mit Energiegewinnung in M\u00fcllverbrennungsanlagen\u201c: 85 %.<\/li>\n<\/ul>\n<\/li>\n<\/ul>\n<p><strong>Was bedeutet die R\u00fccknahmepflicht f\u00fcr mein Unternehmen?<\/strong><\/p>\n<p>Ab dem Kalenderjahr, das dem Inkrafttreten des Zusammenarbeitsabkommens vom 5. M\u00e4rz 2020 zur Ab\u00e4nderung des Zusammenarbeitsabkommens vom 4. November 2008 \u00fcber die Vermeidung und Bewirtschaftung von Verpackungsabf\u00e4llen folgt*, m\u00fcssen zudem f\u00fcr die verschiedenen Verpackungsmaterialien im Hinblick auf die stoffliche Verwertung die folgenden Mindestprozents\u00e4tze f\u00fcr das gesamte belgische Staatsgebiet erreicht werden:<\/p>\n<ul>\n<li>90 % des Gewichts bei Glas;<\/li>\n<li>90 % des Gewichts bei Papier\/Pappe;<\/li>\n<li>90 % des Gewichts bei Getr\u00e4nkekartons;<\/li>\n<li>90 % des Gewichts bei eisenhaltigem Metall;<\/li>\n<li>75 % des Gewichts bei Aluminium;<\/li>\n<li>50 % des Gewichts bei Kunststoff;<\/li>\n<li>80 % des Gewichts bei Holz.<\/li>\n<\/ul>\n<p>F\u00fcr Verpackungsabf\u00e4lle h\u00e4uslicher Herkunft muss ab dem Kalenderjahr 2023 f\u00fcr das gesamte belgische Staatsgebiet im Hinblick auf die stoffliche Verwertung ein Mindestanteil von 65 % des Gewichts bei Kunststoff erreicht werden.<\/p>\n<p>F\u00fcr Verpackungsabf\u00e4lle industrieller Herkunft muss ab dem Kalenderjahr 2023 f\u00fcr das gesamte belgische Staatsgebiet im Hinblick auf die stoffliche Verwertung ein Mindestanteil von 55 % des Gewichts bei Kunststoff erreicht werden.<\/p>\n<p>F\u00fcr Verpackungsabf\u00e4lle h\u00e4uslicher Herkunft muss ab dem Kalenderjahr 2030 f\u00fcr das gesamte belgische Staatsgebiet in Hinblick auf die stoffliche Verwertung ein Mindestanteil von 70 % des Gewichts bei Kunststoff erreicht werden.<\/p>\n<p>F\u00fcr Verpackungsabf\u00e4lle industrieller Herkunft muss ab dem Kalenderjahr 2030 f\u00fcr das gesamte belgische Staatsgebiet im Hinblick auf die stoffliche Verwertung ein Mindestanteil von 65 % des Gewichts bei Kunststoff erreicht werden.<\/p>\n<p>Die vorstehend genannten Prozents\u00e4tze f\u00fcr die stoffliche Verwertung werden gem\u00e4\u00df den Bestimmungen der Interregionalen Verpackungskommission in \u00dcbereinstimmung mit dem europ\u00e4ischen Recht errechnet.<\/p>\n<p><em>*Diese neuen Prozents\u00e4tze sind daher ab 2021 g\u00fcltig, das Zusammenarbeitsabkommens trat im September 2020 in Kraft<\/em><\/p>\n<p><u>Beispiel<\/u><\/p>\n<p>Ihr Unternehmen ist f\u00fcr 10 Tonnen Haushaltsverpackungen verantwortlich, dann m\u00fcssen Sie nachweisen, dass mindestens 8 Tonnen recycelt wurden und mindestens eine weitere Tonne (beispielsweise mit R\u00fcckgewinnung von Energie) verwertet wurde.<\/p>\n<p>Angenommen es handelt sich konkret um 8 Tonnen Papier\/Pappe und 2 Tonnen Kunststoff. Dann m\u00fcssen Sie als Unternehmen nachweisen k\u00f6nnen, dass Sie mindestens 7,2 Tonnen Papier\/Pappe und 1,0 Tonnen Kunststoff selbst recycelt haben oder von anderen haben recyceln lassen.<\/p>\n<p><strong>Wie kann ich als Unternehmen die R\u00fccknahmepflicht erf\u00fcllen? <\/strong><\/p>\n<p>Sie haben zwei M\u00f6glichkeiten:<\/p>\n<p><span style=\"text-decoration: underline;\">1. Sich einer zugelassenen Einrichtung anschlie\u00dfen<\/span><\/p>\n<p>Sie k\u00f6nnen Ihren gesetzlichen Verpflichtungen nachkommen, indem Sie sich einer zugelassenen Einrichtung anschlie\u00dfen. In diesem Fall \u00fcbernimmt diese Ihre Verpflichtungen f\u00fcr Sie.<\/p>\n<p><a href=\"https:\/\/www.valipac.be\/\" target=\"_blank\" rel=\"noopener noreferrer\">Valipac<\/a> ist die zugelassene Einrichtung f\u00fcr Industrieverpackungen.<\/p>\n<p><a href=\"https:\/\/www.fostplus.be\/\" target=\"_blank\" rel=\"noopener noreferrer\">Fost Plus<\/a> ist die zugelassene Einrichtung f\u00fcr Haushaltsverpackungen.<\/p>\n<p>Gelangen Ihre Verpackungen sowohl in Unternehmen als auch in Haushalte? Dann m\u00fcssen Sie sich beiden Einrichtungen anschlie\u00dfen.<\/p>\n<p><span style=\"text-decoration: underline;\">2. Selbst eine Erkl\u00e4rung bei der IVK einreichen<\/span><\/p>\n<p>Wollen Sie Ihrer gesetzlichen Verpflichtung selbst nachkommen? Dann m\u00fcssen Sie selbst den Beweis f\u00fcr das Recycling und die Verwertung der Verpackungen liefern, f\u00fcr die Ihr Unternehmen verantwortlich ist, und diesen Beweis der Interregionalen Verpackungskommission zukommen lassen. Das kann online mit der <a href=\"https:\/\/forma.ivcie.be\/Login.aspx\" target=\"_blank\" rel=\"noopener noreferrer\">Verpackungserkl\u00e4rung<\/a> geschehen.<\/p>\n<p>Sie k\u00f6nnen erw\u00e4gen, Ihre Erkl\u00e4rung selbst einzureichen, wenn<\/p>\n<ul>\n<li>Ihr Unternehmen ausschlie\u00dflich <a href=\"https:\/\/www.ivcie.be\/de\/definities\/verpakkingsverantwoordelijke\/\" target=\"_blank\" rel=\"noopener noreferrer\">Verpackungsverantwortlicher vom Typ C<\/a> ist<\/li>\n<li>Ihr Unternehmen sich um die R\u00fccknahme seines Verpackungsabfalls bei seinen Kunden selbst k\u00fcmmert<\/li>\n<\/ul>\n<p><a href=\"https:\/\/forma.ivcie.be\/Downloads\/Brochure%20DE.pdf\" target=\"_blank\" rel=\"noopener noreferrer\">Klicken Sie hier f\u00fcr Informationen zur online Erkl\u00e4rung.<\/a><\/p>\n<p>&nbsp;<\/p>\n<p><img loading=\"lazy\" decoding=\"async\" class=\"aligncenter size-full wp-image-385\" src=\"https:\/\/www.ivcie.be\/wp-content\/uploads\/2018\/10\/309.jpg\" alt=\"309\" width=\"590\" height=\"253\" srcset=\"https:\/\/www.ivcie.be\/wp-content\/uploads\/2018\/10\/309.jpg 590w, https:\/\/www.ivcie.be\/wp-content\/uploads\/2018\/10\/309-300x129.jpg 300w\" sizes=\"auto, (max-width: 590px) 100vw, 590px\" \/><\/p>\n","protected":false},"excerpt":{"rendered":"<p>R\u00fccknahmepflicht F\u00fcr wen gilt sie? F\u00fcr Unternehmen, die pro Jahr mehr als 300 Kilogramm Haushalts- und Industrieverpackungen auf den belgischen Markt bringen. Die Mindestanteilwerte ausgedr\u00fcckt als prozentualer Anteil am Gewicht bezogen auf das Gesamtgewicht der in Belgien auf den Markt gebrachten Einwegverpackungen betragen f\u00fcr Verpackungsabf\u00e4lle h\u00e4uslicher Herkunft: ab dem Kalenderjahr 2009: stoffliche Verwertung: 80 %; [&hellip;]<\/p>\n","protected":false},"author":2,"featured_media":2384,"parent":379,"menu_order":102,"comment_status":"closed","ping_status":"closed","template":"template_text.php","meta":{"_acf_changed":false,"footnotes":""},"class_list":["post-384","page","type-page","status-publish","has-post-thumbnail","hentry"],"acf":[],"_links":{"self":[{"href":"https:\/\/www.ivcie.be\/de\/wp-json\/wp\/v2\/pages\/384","targetHints":{"allow":["GET"]}}],"collection":[{"href":"https:\/\/www.ivcie.be\/de\/wp-json\/wp\/v2\/pages"}],"about":[{"href":"https:\/\/www.ivcie.be\/de\/wp-json\/wp\/v2\/types\/page"}],"author":[{"embeddable":true,"href":"https:\/\/www.ivcie.be\/de\/wp-json\/wp\/v2\/users\/2"}],"replies":[{"embeddable":true,"href":"https:\/\/www.ivcie.be\/de\/wp-json\/wp\/v2\/comments?post=384"}],"version-history":[{"count":10,"href":"https:\/\/www.ivcie.be\/de\/wp-json\/wp\/v2\/pages\/384\/revisions"}],"predecessor-version":[{"id":9263,"href":"https:\/\/www.ivcie.be\/de\/wp-json\/wp\/v2\/pages\/384\/revisions\/9263"}],"up":[{"embeddable":true,"href":"https:\/\/www.ivcie.be\/de\/wp-json\/wp\/v2\/pages\/379"}],"wp:featuredmedia":[{"embeddable":true,"href":"https:\/\/www.ivcie.be\/de\/wp-json\/wp\/v2\/media\/2384"}],"wp:attachment":[{"href":"https:\/\/www.ivcie.be\/de\/wp-json\/wp\/v2\/media?parent=384"}],"curies":[{"name":"wp","href":"https:\/\/api.w.org\/{rel}","templated":true}]}}